{"id":204,"date":"2021-11-17T11:42:05","date_gmt":"2021-11-17T14:42:05","guid":{"rendered":"https:\/\/visualpraiahotel.com.br\/?page_id=204"},"modified":"2026-01-26T16:53:45","modified_gmt":"2026-01-26T19:53:45","slug":"promocoes","status":"publish","type":"page","link":"https:\/\/visualpraiahotel.com.br\/index.php\/promocoes\/","title":{"rendered":"Promo\u00e7\u00f5es"},"content":{"rendered":"\n<p>Em breve mais informa\u00e7\u00f5es.<\/p>\n","protected":false},"excerpt":{"rendered":"<p>Em breve mais informa\u00e7\u00f5es.<\/p>\n","protected":false},"author":1,"featured_media":0,"parent":0,"menu_order":0,"comment_status":"closed","ping_status":"closed","template":"","meta":{"_acf_changed":false,"footnotes":""},"class_list":["post-204","page","type-page","status-publish","hentry"],"acf":[],"yoast_head":"<!-- This site is optimized with the Yoast SEO plugin v27.5 - https:\/\/yoast.com\/product\/yoast-seo-wordpress\/ -->\n<title>Promo\u00e7\u00f5es - Visual Praia Hotel<\/title>\n<meta name=\"robots\" content=\"index, follow, max-snippet:-1, max-image-preview:large, max-video-preview:-1\" \/>\n<link rel=\"canonical\" href=\"https:\/\/visualpraiahotel.com.br\/index.php\/promocoes\/\" \/>\n<meta property=\"og:locale\" content=\"pt_BR\" \/>\n<meta property=\"og:type\" content=\"article\" \/>\n<meta property=\"og:title\" content=\"Promo\u00e7\u00f5es - Visual Praia Hotel\" \/>\n<meta property=\"og:description\" content=\"Em breve mais informa\u00e7\u00f5es.\" \/>\n<meta property=\"og:url\" content=\"https:\/\/visualpraiahotel.com.br\/index.php\/promocoes\/\" \/>\n<meta property=\"og:site_name\" content=\"Visual Praia Hotel\" \/>\n<meta property=\"article:modified_time\" content=\"2026-01-26T19:53:45+00:00\" \/>\n<meta name=\"twitter:card\" content=\"summary_large_image\" \/>\n<meta name=\"twitter:label1\" content=\"Est. tempo de leitura\" \/>\n\t<meta name=\"twitter:data1\" content=\"1 minuto\" \/>\n<script type=\"application\/ld+json\" class=\"yoast-schema-graph\">{\"@context\":\"https:\\\/\\\/schema.org\",\"@graph\":[{\"@type\":\"WebPage\",\"@id\":\"https:\\\/\\\/visualpraiahotel.com.br\\\/index.php\\\/promocoes\\\/\",\"url\":\"https:\\\/\\\/visualpraiahotel.com.br\\\/index.php\\\/promocoes\\\/\",\"name\":\"Promo\u00e7\u00f5es - Visual Praia Hotel\",\"isPartOf\":{\"@id\":\"https:\\\/\\\/visualpraiahotel.com.br\\\/#website\"},\"datePublished\":\"2021-11-17T14:42:05+00:00\",\"dateModified\":\"2026-01-26T19:53:45+00:00\",\"breadcrumb\":{\"@id\":\"https:\\\/\\\/visualpraiahotel.com.br\\\/index.php\\\/promocoes\\\/#breadcrumb\"},\"inLanguage\":\"pt-BR\",\"potentialAction\":[{\"@type\":\"ReadAction\",\"target\":[\"https:\\\/\\\/visualpraiahotel.com.br\\\/index.php\\\/promocoes\\\/\"]}]},{\"@type\":\"BreadcrumbList\",\"@id\":\"https:\\\/\\\/visualpraiahotel.com.br\\\/index.php\\\/promocoes\\\/#breadcrumb\",\"itemListElement\":[{\"@type\":\"ListItem\",\"position\":1,\"name\":\"In\u00edcio\",\"item\":\"https:\\\/\\\/visualpraiahotel.com.br\\\/\"},{\"@type\":\"ListItem\",\"position\":2,\"name\":\"Promo\u00e7\u00f5es\"}]},{\"@type\":\"WebSite\",\"@id\":\"https:\\\/\\\/visualpraiahotel.com.br\\\/#website\",\"url\":\"https:\\\/\\\/visualpraiahotel.com.br\\\/\",\"name\":\"Visual Praia Hotel\",\"description\":\"Hotel em Natal\\\/RN, de frente para a Praia de Ponta Negra\",\"potentialAction\":[{\"@type\":\"SearchAction\",\"target\":{\"@type\":\"EntryPoint\",\"urlTemplate\":\"https:\\\/\\\/visualpraiahotel.com.br\\\/?s={search_term_string}\"},\"query-input\":{\"@type\":\"PropertyValueSpecification\",\"valueRequired\":true,\"valueName\":\"search_term_string\"}}],\"inLanguage\":\"pt-BR\"}]}<\/script>\n<!-- \/ Yoast SEO plugin. -->","yoast_head_json":{"title":"Promo\u00e7\u00f5es - Visual Praia Hotel","robots":{"index":"index","follow":"follow","max-snippet":"max-snippet:-1","max-image-preview":"max-image-preview:large","max-video-preview":"max-video-preview:-1"},"canonical":"https:\/\/visualpraiahotel.com.br\/index.php\/promocoes\/","og_locale":"pt_BR","og_type":"article","og_title":"Promo\u00e7\u00f5es - Visual Praia Hotel","og_description":"Em breve mais informa\u00e7\u00f5es.","og_url":"https:\/\/visualpraiahotel.com.br\/index.php\/promocoes\/","og_site_name":"Visual Praia Hotel","article_modified_time":"2026-01-26T19:53:45+00:00","twitter_card":"summary_large_image","twitter_misc":{"Est. tempo de leitura":"1 minuto"},"schema":{"@context":"https:\/\/schema.org","@graph":[{"@type":"WebPage","@id":"https:\/\/visualpraiahotel.com.br\/index.php\/promocoes\/","url":"https:\/\/visualpraiahotel.com.br\/index.php\/promocoes\/","name":"Promo\u00e7\u00f5es - Visual Praia Hotel","isPartOf":{"@id":"https:\/\/visualpraiahotel.com.br\/#website"},"datePublished":"2021-11-17T14:42:05+00:00","dateModified":"2026-01-26T19:53:45+00:00","breadcrumb":{"@id":"https:\/\/visualpraiahotel.com.br\/index.php\/promocoes\/#breadcrumb"},"inLanguage":"pt-BR","potentialAction":[{"@type":"ReadAction","target":["https:\/\/visualpraiahotel.com.br\/index.php\/promocoes\/"]}]},{"@type":"BreadcrumbList","@id":"https:\/\/visualpraiahotel.com.br\/index.php\/promocoes\/#breadcrumb","itemListElement":[{"@type":"ListItem","position":1,"name":"In\u00edcio","item":"https:\/\/visualpraiahotel.com.br\/"},{"@type":"ListItem","position":2,"name":"Promo\u00e7\u00f5es"}]},{"@type":"WebSite","@id":"https:\/\/visualpraiahotel.com.br\/#website","url":"https:\/\/visualpraiahotel.com.br\/","name":"Visual Praia Hotel","description":"Hotel em Natal\/RN, de frente para a Praia de Ponta Negra","potentialAction":[{"@type":"SearchAction","target":{"@type":"EntryPoint","urlTemplate":"https:\/\/visualpraiahotel.com.br\/?s={search_term_string}"},"query-input":{"@type":"PropertyValueSpecification","valueRequired":true,"valueName":"search_term_string"}}],"inLanguage":"pt-BR"}]}},"_links":{"self":[{"href":"https:\/\/visualpraiahotel.com.br\/index.php\/wp-json\/wp\/v2\/pages\/204","targetHints":{"allow":["GET"]}}],"collection":[{"href":"https:\/\/visualpraiahotel.com.br\/index.php\/wp-json\/wp\/v2\/pages"}],"about":[{"href":"https:\/\/visualpraiahotel.com.br\/index.php\/wp-json\/wp\/v2\/types\/page"}],"author":[{"embeddable":true,"href":"https:\/\/visualpraiahotel.com.br\/index.php\/wp-json\/wp\/v2\/users\/1"}],"replies":[{"embeddable":true,"href":"https:\/\/visualpraiahotel.com.br\/index.php\/wp-json\/wp\/v2\/comments?post=204"}],"version-history":[{"count":5,"href":"https:\/\/visualpraiahotel.com.br\/index.php\/wp-json\/wp\/v2\/pages\/204\/revisions"}],"predecessor-version":[{"id":695,"href":"https:\/\/visualpraiahotel.com.br\/index.php\/wp-json\/wp\/v2\/pages\/204\/revisions\/695"}],"wp:attachment":[{"href":"https:\/\/visualpraiahotel.com.br\/index.php\/wp-json\/wp\/v2\/media?parent=204"}],"curies":[{"name":"wp","href":"https:\/\/api.w.org\/{rel}","templated":true}]}}