{"id":15,"date":"2021-01-23T14:34:40","date_gmt":"2021-01-23T17:34:40","guid":{"rendered":"http:\/\/localhost\/WP_MAIN\/?page_id=15"},"modified":"2024-10-18T11:29:52","modified_gmt":"2024-10-18T14:29:52","slug":"contato","status":"publish","type":"page","link":"https:\/\/visualpraiahotel.com.br\/index.php\/contato\/","title":{"rendered":"Contato"},"content":{"rendered":"\n<h2 class=\"wp-block-heading has-text-align-center has-text-color\" style=\"color:#198199\">Fale com o Visual Praia Hotel<\/h2>\n\n\n\n<p class=\"has-text-align-center has-text-color\" style=\"color:#6f7070\">Ficaremos felizes com o seu contato! Retornaremos o mais breve poss\u00edvel.<br><strong>Fale atrav\u00e9s do formul\u00e1rio abaixo ou das op\u00e7\u00f5es<\/strong><\/p>\n\n\n\n<div class=\"wp-block-buttons is-horizontal is-content-justification-center is-layout-flex wp-container-core-buttons-is-layout-499968f5 wp-block-buttons-is-layout-flex\">\n<div class=\"wp-block-button has-custom-font-size is-style-outline has-small-font-size is-style-outline--1\"><a class=\"wp-block-button__link has-text-color wp-element-button\" href=\"tel:08436464646\" style=\"border-radius:10px;color:#f99d1c\"><strong>TELEFONE<\/strong><\/a><\/div>\n\n\n\n<div class=\"wp-block-button has-custom-font-size is-style-outline has-small-font-size is-style-outline--2\"><a class=\"wp-block-button__link has-text-color wp-element-button\" href=\"mailto:reservas@visualpraiahotel.com.br\" style=\"border-radius:10px;color:#f99d1c\"><strong>E-MAIL<\/strong><\/a><\/div>\n\n\n\n<div class=\"wp-block-button has-custom-font-size is-style-outline has-small-font-size is-style-outline--3\"><a class=\"wp-block-button__link has-text-color wp-element-button\" href=\"https:\/\/www.instagram.com\/visualpraiahotel\" style=\"border-radius:10px;color:#df2c27\" target=\"_blank\" rel=\"noreferrer noopener\"><strong>INSTAGRAM<\/strong><\/a><\/div>\n\n\n\n<div class=\"wp-block-button has-custom-font-size is-style-outline has-small-font-size is-style-outline--4\"><a class=\"wp-block-button__link has-text-color wp-element-button\" href=\"https:\/\/www.facebook.com\/VISUALPRAIA\/\" style=\"border-radius:10px;color:#395692\" target=\"_blank\" rel=\"noreferrer noopener\"><strong>FACEBOOK<\/strong><\/a><\/div>\n<\/div>\n\n\n\n<p><\/p>\n","protected":false},"excerpt":{"rendered":"<p>Fale com o Visual Praia Hotel Ficaremos felizes com o seu contato! Retornaremos o mais breve poss\u00edvel.Fale atrav\u00e9s do formul\u00e1rio abaixo ou das op\u00e7\u00f5es<\/p>\n","protected":false},"author":1,"featured_media":0,"parent":0,"menu_order":0,"comment_status":"closed","ping_status":"closed","template":"","meta":{"_acf_changed":false,"footnotes":""},"class_list":["post-15","page","type-page","status-publish","hentry"],"acf":[],"yoast_head":"<!-- This site is optimized with the Yoast SEO plugin v27.4 - https:\/\/yoast.com\/product\/yoast-seo-wordpress\/ -->\n<title>Contato - Visual Praia Hotel<\/title>\n<meta name=\"robots\" content=\"index, follow, max-snippet:-1, max-image-preview:large, max-video-preview:-1\" \/>\n<link rel=\"canonical\" href=\"https:\/\/visualpraiahotel.com.br\/index.php\/contato\/\" \/>\n<meta property=\"og:locale\" content=\"pt_BR\" \/>\n<meta property=\"og:type\" content=\"article\" \/>\n<meta property=\"og:title\" content=\"Contato - Visual Praia Hotel\" \/>\n<meta property=\"og:description\" content=\"Fale com o Visual Praia Hotel Ficaremos felizes com o seu contato! Retornaremos o mais breve poss\u00edvel.Fale atrav\u00e9s do formul\u00e1rio abaixo ou das op\u00e7\u00f5es\" \/>\n<meta property=\"og:url\" content=\"https:\/\/visualpraiahotel.com.br\/index.php\/contato\/\" \/>\n<meta property=\"og:site_name\" content=\"Visual Praia Hotel\" \/>\n<meta property=\"article:modified_time\" content=\"2024-10-18T14:29:52+00:00\" \/>\n<meta name=\"twitter:card\" content=\"summary_large_image\" \/>\n<meta name=\"twitter:label1\" content=\"Est. tempo de leitura\" \/>\n\t<meta name=\"twitter:data1\" content=\"1 minuto\" \/>\n<script type=\"application\/ld+json\" class=\"yoast-schema-graph\">{\"@context\":\"https:\\\/\\\/schema.org\",\"@graph\":[{\"@type\":\"WebPage\",\"@id\":\"https:\\\/\\\/visualpraiahotel.com.br\\\/index.php\\\/contato\\\/\",\"url\":\"https:\\\/\\\/visualpraiahotel.com.br\\\/index.php\\\/contato\\\/\",\"name\":\"Contato - Visual Praia Hotel\",\"isPartOf\":{\"@id\":\"https:\\\/\\\/visualpraiahotel.com.br\\\/#website\"},\"datePublished\":\"2021-01-23T17:34:40+00:00\",\"dateModified\":\"2024-10-18T14:29:52+00:00\",\"breadcrumb\":{\"@id\":\"https:\\\/\\\/visualpraiahotel.com.br\\\/index.php\\\/contato\\\/#breadcrumb\"},\"inLanguage\":\"pt-BR\",\"potentialAction\":[{\"@type\":\"ReadAction\",\"target\":[\"https:\\\/\\\/visualpraiahotel.com.br\\\/index.php\\\/contato\\\/\"]}]},{\"@type\":\"BreadcrumbList\",\"@id\":\"https:\\\/\\\/visualpraiahotel.com.br\\\/index.php\\\/contato\\\/#breadcrumb\",\"itemListElement\":[{\"@type\":\"ListItem\",\"position\":1,\"name\":\"In\u00edcio\",\"item\":\"https:\\\/\\\/visualpraiahotel.com.br\\\/\"},{\"@type\":\"ListItem\",\"position\":2,\"name\":\"Contato\"}]},{\"@type\":\"WebSite\",\"@id\":\"https:\\\/\\\/visualpraiahotel.com.br\\\/#website\",\"url\":\"https:\\\/\\\/visualpraiahotel.com.br\\\/\",\"name\":\"Visual Praia Hotel\",\"description\":\"Hotel em Natal\\\/RN, de frente para a Praia de Ponta Negra\",\"potentialAction\":[{\"@type\":\"SearchAction\",\"target\":{\"@type\":\"EntryPoint\",\"urlTemplate\":\"https:\\\/\\\/visualpraiahotel.com.br\\\/?s={search_term_string}\"},\"query-input\":{\"@type\":\"PropertyValueSpecification\",\"valueRequired\":true,\"valueName\":\"search_term_string\"}}],\"inLanguage\":\"pt-BR\"}]}<\/script>\n<!-- \/ Yoast SEO plugin. -->","yoast_head_json":{"title":"Contato - Visual Praia Hotel","robots":{"index":"index","follow":"follow","max-snippet":"max-snippet:-1","max-image-preview":"max-image-preview:large","max-video-preview":"max-video-preview:-1"},"canonical":"https:\/\/visualpraiahotel.com.br\/index.php\/contato\/","og_locale":"pt_BR","og_type":"article","og_title":"Contato - Visual Praia Hotel","og_description":"Fale com o Visual Praia Hotel Ficaremos felizes com o seu contato! Retornaremos o mais breve poss\u00edvel.Fale atrav\u00e9s do formul\u00e1rio abaixo ou das op\u00e7\u00f5es","og_url":"https:\/\/visualpraiahotel.com.br\/index.php\/contato\/","og_site_name":"Visual Praia Hotel","article_modified_time":"2024-10-18T14:29:52+00:00","twitter_card":"summary_large_image","twitter_misc":{"Est. tempo de leitura":"1 minuto"},"schema":{"@context":"https:\/\/schema.org","@graph":[{"@type":"WebPage","@id":"https:\/\/visualpraiahotel.com.br\/index.php\/contato\/","url":"https:\/\/visualpraiahotel.com.br\/index.php\/contato\/","name":"Contato - Visual Praia Hotel","isPartOf":{"@id":"https:\/\/visualpraiahotel.com.br\/#website"},"datePublished":"2021-01-23T17:34:40+00:00","dateModified":"2024-10-18T14:29:52+00:00","breadcrumb":{"@id":"https:\/\/visualpraiahotel.com.br\/index.php\/contato\/#breadcrumb"},"inLanguage":"pt-BR","potentialAction":[{"@type":"ReadAction","target":["https:\/\/visualpraiahotel.com.br\/index.php\/contato\/"]}]},{"@type":"BreadcrumbList","@id":"https:\/\/visualpraiahotel.com.br\/index.php\/contato\/#breadcrumb","itemListElement":[{"@type":"ListItem","position":1,"name":"In\u00edcio","item":"https:\/\/visualpraiahotel.com.br\/"},{"@type":"ListItem","position":2,"name":"Contato"}]},{"@type":"WebSite","@id":"https:\/\/visualpraiahotel.com.br\/#website","url":"https:\/\/visualpraiahotel.com.br\/","name":"Visual Praia Hotel","description":"Hotel em Natal\/RN, de frente para a Praia de Ponta Negra","potentialAction":[{"@type":"SearchAction","target":{"@type":"EntryPoint","urlTemplate":"https:\/\/visualpraiahotel.com.br\/?s={search_term_string}"},"query-input":{"@type":"PropertyValueSpecification","valueRequired":true,"valueName":"search_term_string"}}],"inLanguage":"pt-BR"}]}},"_links":{"self":[{"href":"https:\/\/visualpraiahotel.com.br\/index.php\/wp-json\/wp\/v2\/pages\/15","targetHints":{"allow":["GET"]}}],"collection":[{"href":"https:\/\/visualpraiahotel.com.br\/index.php\/wp-json\/wp\/v2\/pages"}],"about":[{"href":"https:\/\/visualpraiahotel.com.br\/index.php\/wp-json\/wp\/v2\/types\/page"}],"author":[{"embeddable":true,"href":"https:\/\/visualpraiahotel.com.br\/index.php\/wp-json\/wp\/v2\/users\/1"}],"replies":[{"embeddable":true,"href":"https:\/\/visualpraiahotel.com.br\/index.php\/wp-json\/wp\/v2\/comments?post=15"}],"version-history":[{"count":56,"href":"https:\/\/visualpraiahotel.com.br\/index.php\/wp-json\/wp\/v2\/pages\/15\/revisions"}],"predecessor-version":[{"id":693,"href":"https:\/\/visualpraiahotel.com.br\/index.php\/wp-json\/wp\/v2\/pages\/15\/revisions\/693"}],"wp:attachment":[{"href":"https:\/\/visualpraiahotel.com.br\/index.php\/wp-json\/wp\/v2\/media?parent=15"}],"curies":[{"name":"wp","href":"https:\/\/api.w.org\/{rel}","templated":true}]}}